{"id":207,"date":"2019-05-25T08:35:47","date_gmt":"2019-05-25T06:35:47","guid":{"rendered":"http:\/\/monique-lachaux.fr\/?page_id=207"},"modified":"2019-08-05T17:52:28","modified_gmt":"2019-08-05T15:52:28","slug":"origine-du-qi-gong","status":"publish","type":"page","link":"https:\/\/monique-lachaux.fr\/?page_id=207","title":{"rendered":"Origine du Qi Gong"},"content":{"rendered":"\n<p>Elle remonterait \u00e0 plus de&nbsp;5000 mille ans, les premi\u00e8res traces furent des descriptions d\u2019exercices physiques grav\u00e9s sur la pierre, et des id\u00e9ogrammes chinois \u00e9crits sur des \u00e9cailles de tortue.<\/p>\n\n\n\n<p>Il se nommait  Dao yin (prononc\u00e9 DO-IN)<\/p>\n\n\n\n<p>A cette p\u00e9riode, les habitants d\u2019une r\u00e9gion de la chine centrale se mirent \u00e0 pratiquer divers exercices et danses. Ils constat\u00e8rent que le r\u00e9chauffement des muscles et des articulations \u00e0 travers le mouvement \u00e9liminait un grand nombre de sympt\u00f4mes comme l\u2019arthrite et les rhumatismes caus\u00e9es par l\u2019humidit\u00e9 de la r\u00e9gion.<\/p>\n\n\n\n<p>L\u2019exp\u00e9rience de cette pratique a montr\u00e9 que l\u2019on pouvait diriger l\u2019\u00e9nergie par la conscience, et qu\u2019associ\u00e9e \u00e0 la respiration, elle aidait la circulation du Qi.<\/p>\n\n\n\n<p>Le QI GONG est bas\u00e9 sur trois param\u00e8tres:<\/p>\n\n\n\n<ul class=\"wp-block-list\"><li>&nbsp;&nbsp;&nbsp;&nbsp;&nbsp;&nbsp;&nbsp;&nbsp;&nbsp;&nbsp;&nbsp;&nbsp;&nbsp;&nbsp; La position du corps<\/li><li>&nbsp;&nbsp;&nbsp;&nbsp;&nbsp;&nbsp;&nbsp;&nbsp;&nbsp;&nbsp;&nbsp;&nbsp;&nbsp;&nbsp; La respiration<\/li><li>&nbsp;&nbsp;&nbsp;&nbsp;&nbsp;&nbsp;&nbsp;&nbsp;&nbsp;&nbsp;&nbsp;&nbsp;&nbsp;&nbsp; Le contr\u00f4le de la conscience<\/li><\/ul>\n\n\n\n<p>qui permettent de d\u00e9velopper l\u2019\u00e9nergie int\u00e9rieure.<\/p>\n\n\n\n<p><strong>UN PEU D\u2019HISTOIRE<\/strong><\/p>\n\n\n\n<p>En 1972, des arch\u00e9ologues chinois ont trouv\u00e9 un rouleau de soie en couleur dans le tombeau n\u00b03 des Han de Mawangdui, repr\u00e9sentant 44 personnages dans diverses postures de Dao yin (conduire, \u00e9tirer). Ils  correspondent \u00e0 des exercices de gymnastique corporelle chinoise.<\/p>\n\n\n\n<figure class=\"wp-block-image\"><img decoding=\"async\" src=\"https:\/\/image.jimcdn.com\/app\/cms\/image\/transf\/none\/path\/s084ce4111c2b01c2\/image\/i8f8e43fc2329ffc8\/version\/1441550497\/image.jpg\" alt=\"\"\/><\/figure>\n\n\n\n<p><strong>&nbsp;DIFFERENTES ECOLES<\/strong><\/p>\n\n\n\n<figure class=\"wp-block-image\"><img decoding=\"async\" src=\"https:\/\/image.jimcdn.com\/app\/cms\/image\/transf\/dimension=165x1024:format=jpg\/path\/s084ce4111c2b01c2\/image\/ied72cf4e6fe1057b\/version\/1535460515\/image.jpg\" alt=\"\"\/><\/figure>\n\n\n\n<p><strong>L\u2019\u00e9cole Tao\u00efste<\/strong><\/p>\n\n\n\n<p>Fond\u00e9 par des grands ma\u00eetres comme Lao-Tseu, il nous d\u00e9livre une philosophie bas\u00e9e sur le non agir, \u00ab\u00a0WU WEI\u00a0\u00bb.<\/p>\n\n\n\n<p>Elle a pour but d&rsquo;accro\u00eetre la long\u00e9vit\u00e9 et de vivre en harmonie avec la nature. Ils parlent aussi de travail, de nourrir la vie, en harmonisant le corps et l\u2019esprit pour trouver la \u00ab&nbsp;VOIE&nbsp;\u00bb. Lib\u00e9rer l\u2019esprit des soucis.<\/p>\n\n\n\n<p>Les Tao\u00efstes enseignent des exercices qui ont pour but de purifier le corps, r\u00e9gulariser l\u2019esprit et la respiration. Par la suite certains ma\u00eetres enseignent des m\u00e9thodes bas\u00e9es sur  des visualisations d\u2019images qui \u00e9veillent et font circuler l\u2019\u00e9nergie. Par ces diff\u00e9rentes techniques de respiration et de m\u00e9ditation, ils cherchent \u00e0 augmenter l\u2019esp\u00e9rance de vie voire d&rsquo;atteindre \u00ab&nbsp;l\u2019immortalit\u00e9&nbsp;\u00bb.<\/p>\n\n\n\n<figure class=\"wp-block-image\"><img decoding=\"async\" src=\"https:\/\/image.jimcdn.com\/app\/cms\/image\/transf\/dimension=99x10000:format=jpg\/path\/s084ce4111c2b01c2\/image\/i5669b6e754e4dcb1\/version\/1441439789\/image.jpg\" alt=\"Lao-tseu\"\/><figcaption>Lao-tseu<\/figcaption><\/figure>\n\n\n\n<figure class=\"wp-block-image\"><img decoding=\"async\" src=\"https:\/\/image.jimcdn.com\/app\/cms\/image\/transf\/dimension=183x1024:format=jpg\/path\/s084ce4111c2b01c2\/image\/i9950be9610f8fdf7\/version\/1535462857\/image.jpg\" alt=\"\"\/><\/figure>\n\n\n\n<p><strong>L\u2019Ecole Bouddhiste<\/strong><\/p>\n\n\n\n<p>Les bouddhistes arrivent au 2\u00e8me si\u00e8cle apr\u00e8s JC.<\/p>\n\n\n\n<p>Ils d\u00e9veloppent de nouvelles pratiques corporelles, de la m\u00e9ditation d\u2019\u00e9veil et des formes de Qi Gong qui consistent \u00e0 compter le nombre de respirations ou de mouvements pour faciliter la concentration et&nbsp;L&rsquo;ETAT D&rsquo;EVEIL.<\/p>\n\n\n\n<p>D\u2019autre formes constituent \u00e0 \u00e9tirer les muscles et les tendons pour \u00e9liminer la fatigue et garder une bonne condition physique..<\/p>\n\n\n\n<p>Les bouddhistes pr\u00f4nent la voie du \u00ab&nbsp;JUSTE MILIEU&nbsp;\u00bb, la compassion pour les \u00eatres, l\u2019harmonie du corps et de l\u2019esprit. L\u2019\u00e9veil de l\u2019\u00eatre int\u00e9rieur qui ne peut s&rsquo;effectuer qu&rsquo;en les lib\u00e9rant des passions et de l\u2019ignorance, sources de souffrances .<\/p>\n\n\n\n<p><\/p>\n\n\n\n<figure class=\"wp-block-image\"><img decoding=\"async\" src=\"https:\/\/image.jimcdn.com\/app\/cms\/image\/transf\/dimension=220x1024:format=jpg\/path\/s084ce4111c2b01c2\/image\/ia2999e587fb41d61\/version\/1535462801\/image.jpg\" alt=\"\"\/><\/figure>\n\n\n\n<p>Parmi les m\u00e9thodes d\u00e9riv\u00e9es des moines Bouddhistes qu&rsquo;ils d\u00e9veloppent dans les temples Shaolin, les 8 brocards de soie (Ba Duan Jin) appel\u00e9e aussi 8 pi\u00e8ces de soie, 8 Tr\u00e9sors, ont l&rsquo;avantage d&rsquo;\u00eatre simples et facile \u00e0 pratiquer.<\/p>\n\n\n\n<p><\/p>\n\n\n\n<p>Cette m\u00e9thode serait venue du G\u00e9n\u00e9ral YUE FEI&nbsp; pendant la Dynastie des Song et permettait d&rsquo;am\u00e9liorer la sant\u00e9 des soldats.<\/p>\n\n\n\n<p>Il insistait sur le fait que la pens\u00e9e (YI) devait&nbsp;conduire&nbsp;le (QI)\u00e0 travers les mouvements.<\/p>\n\n\n\n<figure class=\"wp-block-image\"><img decoding=\"async\" src=\"https:\/\/image.jimcdn.com\/app\/cms\/image\/transf\/none\/path\/s084ce4111c2b01c2\/image\/i403713ad02fac039\/version\/1535462801\/image.jpg\" alt=\"\"\/><\/figure>\n\n\n\n<p><strong>l&rsquo;\u00e9cole m\u00e9dical<\/strong>e<\/p>\n\n\n\n<p>Le 1er ouvrage de Qi gong M\u00e9dical date des ann\u00e9es 700 av JC . Il s&rsquo;intitulait  : Classique de la m\u00e9decine interne de l&#8217;empereur chinois Huangdi nei Jing. Il renfermait une gamme d&rsquo;exercices respiratoire, \u00e9tirements et de visualisations destin\u00e9e \u00e0 pr\u00e9server la sant\u00e9. <\/p>\n\n\n\n<p>Les trois principes de la pratique:<\/p>\n\n\n\n<p><\/p>\n\n\n\n<p><\/p>\n\n\n\n<ul class=\"wp-block-list\"><li>R\u00e9gulariser le corps<\/li><li>R\u00e9gulariser et \u00e9quilibre la respiration<\/li><li>R\u00e9gulariser et \u00e9quilibrer le c\u0153ur (l&rsquo;esprit)<\/li><\/ul>\n\n\n\n<p>Dans le Huangdi nei Jing il dit:&nbsp;<\/p>\n\n\n\n<p class=\"has-background has-very-light-gray-background-color\"><em>\u00ab\u00a0L&rsquo;homme vrai des anciens temps, ma\u00eetrise les lois de la nature,  il s&rsquo;exerce \u00e0 cela.<\/em> <em>il inspire la quintessence de l&rsquo;Energie pure de l&rsquo;ext\u00e9rieur et expire en chassant l&rsquo;Energie vici\u00e9e du corps. Peu a peu, l&rsquo;esprit se calme et se conserve \u00e0 l&rsquo;int\u00e9rieur. Il sent le corps s&rsquo;unifier, par cela il peut ma\u00eetriser le ciel et la terre \u00ab\u00a0<\/em><\/p>\n\n\n\n<p><\/p>\n\n\n\n<figure class=\"wp-block-image\"><img decoding=\"async\" src=\"https:\/\/image.jimcdn.com\/app\/cms\/image\/transf\/dimension=197x1024:format=jpg\/path\/s084ce4111c2b01c2\/image\/i5737cb6888b740ae\/version\/1535462652\/image.jpg\" alt=\"\"\/><\/figure>\n\n\n\n<p>Hua Tuo, le p\u00e8re de la M\u00e9decine traditionnelle chinoise affirme que l&rsquo;on peut travailler le Qi gr\u00e2ce \u00e0 la pens\u00e9e. Il d\u00e9veloppe le qi gong des 5 animaux (ours, tigre,&nbsp; cerf,&nbsp; singe, grue). Les m\u00e9thodes de mouvements qui imitent les animaux permettent de renforcer les parties du corps, les qualit\u00e9s de celui-ci et d\u2019accro\u00eetre la long\u00e9vit\u00e9. Toutes les m\u00e9thodes s\u2019expliquent plus clairement par l\u2019aboutissement des th\u00e9ories de la M\u00e9decine Traditionnelle Chinoise, comme le Yin-Yang, les 5 organes, les m\u00e9ridiens, l\u2019\u00e9nergie et le sang.<\/p>\n\n\n\n<p><\/p>\n\n\n\n<figure class=\"wp-block-image\"><img decoding=\"async\" src=\"https:\/\/image.jimcdn.com\/app\/cms\/image\/transf\/none\/path\/s084ce4111c2b01c2\/image\/i0128d93372ce2de7\/version\/1535462801\/image.jpg\" alt=\"\"\/><\/figure>\n\n\n\n<p><strong>L&rsquo;\u00e9cole confucianiste<\/strong><\/p>\n\n\n\n<p>Cr\u00e9e par Confucius au 6\u00e8me si\u00e8cle, cette \u00e9cole se caract\u00e9rise par trois directions de travail :<\/p>\n\n\n\n<ul class=\"wp-block-list\"><li>Connaissance,<\/li><li>morale, droiture, r\u00e8gles de vie,<\/li><li>respect des anciens et des arts.<\/li><\/ul>\n\n\n\n<p>Les m\u00e9thodes de Qi Gong sont bas\u00e9es sur  le calme, la perspicacit\u00e9 et un \u00e9tat d&rsquo;esprit sage. Elles proposent des exercices de concentration et de d\u00e9veloppement personnel.<\/p>\n\n\n\n<p><strong>L&rsquo;arriv\u00e9e du Qi Gong en occident<\/strong><\/p>\n\n\n\n<p>C&rsquo;est le p\u00e8re j\u00e9suite Jean-Joseph Amiot missionnaire en Chine qui amena en France des \u00e9crits sur la culture chinoise, on y d\u00e9couvre des pratiques Tao\u00efstes, des attitudes de Kong Fu dans son livre m\u00e9moire sur les chinois. A cette \u00e9poque le savoir et l&rsquo;enseignement sont popularis\u00e9s par des la\u00efcs. La transmission de ces techniques ancestrales sont diffus\u00e9es par des ma\u00eetres. <\/p>\n\n\n\n<p><strong>Aujourd&rsquo;hui<\/strong><\/p>\n\n\n\n<p>Pendant de nombreuses ann\u00e9es, le Qi Gong fut mis de c\u00f4t\u00e9 en Chine et brid\u00e9 par la r\u00e9volution culturelle. C&rsquo;est \u00e0 partir des ann\u00e9e 1980 qu&rsquo;il est mis \u00e0 la port\u00e9e du grand public. Aujourd&rsquo;hui, l e gouvernement chinois prend conscience de l&rsquo;importance de ce savoir et entreprend des recherches afin de retrouver les m\u00e9thodes anciennes.<\/p>\n\n\n\n<div class=\"wp-block-image\"><figure class=\"aligncenter is-resized\"><img loading=\"lazy\" decoding=\"async\" src=\"https:\/\/monique-lachaux.fr\/wp-content\/uploads\/2019\/05\/image-2-768x1024.png\" alt=\"\" class=\"wp-image-194\" width=\"135\" height=\"180\" srcset=\"https:\/\/monique-lachaux.fr\/wp-content\/uploads\/2019\/05\/image-2.png 768w, https:\/\/monique-lachaux.fr\/wp-content\/uploads\/2019\/05\/image-2-225x300.png 225w\" sizes=\"auto, (max-width: 135px) 100vw, 135px\" \/><figcaption>                          \u00e0 bient\u00f4t&#8230;<\/figcaption><\/figure><\/div>\n","protected":false},"excerpt":{"rendered":"<p>Elle remonterait \u00e0 plus de&nbsp;5000 mille ans, les premi\u00e8res traces furent des descriptions d\u2019exercices physiques grav\u00e9s sur la pierre, et des id\u00e9ogrammes chinois \u00e9crits sur des \u00e9cailles de tortue. Il se nommait Dao yin (prononc\u00e9 DO-IN) A cette p\u00e9riode, les habitants d\u2019une r\u00e9gion de la chine centrale se mirent \u00e0 pratiquer divers exercices et danses. &hellip; <\/p>\n<p class=\"link-more\"><a href=\"https:\/\/monique-lachaux.fr\/?page_id=207\" class=\"more-link\">Continuer la lecture<span class=\"screen-reader-text\"> de &laquo;&nbsp;Origine du Qi Gong&nbsp;&raquo;<\/span><\/a><\/p>\n","protected":false},"author":3,"featured_media":158,"parent":80,"menu_order":1,"comment_status":"open","ping_status":"closed","template":"","meta":{"footnotes":""},"class_list":["post-207","page","type-page","status-publish","has-post-thumbnail","hentry"],"_links":{"self":[{"href":"https:\/\/monique-lachaux.fr\/index.php?rest_route=\/wp\/v2\/pages\/207","targetHints":{"allow":["GET"]}}],"collection":[{"href":"https:\/\/monique-lachaux.fr\/index.php?rest_route=\/wp\/v2\/pages"}],"about":[{"href":"https:\/\/monique-lachaux.fr\/index.php?rest_route=\/wp\/v2\/types\/page"}],"author":[{"embeddable":true,"href":"https:\/\/monique-lachaux.fr\/index.php?rest_route=\/wp\/v2\/users\/3"}],"replies":[{"embeddable":true,"href":"https:\/\/monique-lachaux.fr\/index.php?rest_route=%2Fwp%2Fv2%2Fcomments&post=207"}],"version-history":[{"count":3,"href":"https:\/\/monique-lachaux.fr\/index.php?rest_route=\/wp\/v2\/pages\/207\/revisions"}],"predecessor-version":[{"id":380,"href":"https:\/\/monique-lachaux.fr\/index.php?rest_route=\/wp\/v2\/pages\/207\/revisions\/380"}],"up":[{"embeddable":true,"href":"https:\/\/monique-lachaux.fr\/index.php?rest_route=\/wp\/v2\/pages\/80"}],"wp:featuredmedia":[{"embeddable":true,"href":"https:\/\/monique-lachaux.fr\/index.php?rest_route=\/wp\/v2\/media\/158"}],"wp:attachment":[{"href":"https:\/\/monique-lachaux.fr\/index.php?rest_route=%2Fwp%2Fv2%2Fmedia&parent=207"}],"curies":[{"name":"wp","href":"https:\/\/api.w.org\/{rel}","templated":true}]}}