{"id":228,"date":"2019-08-03T18:34:16","date_gmt":"2019-08-03T16:34:16","guid":{"rendered":"https:\/\/monique-lachaux.fr\/?page_id=228"},"modified":"2019-08-03T18:36:16","modified_gmt":"2019-08-03T16:36:16","slug":"plan-du-site","status":"publish","type":"page","link":"https:\/\/monique-lachaux.fr\/?page_id=228","title":{"rendered":"Plan du site"},"content":{"rendered":"\n<p><code><div id=\"wp-realtime-sitemap-pages\"><h3>Pages<\/h3><ul><li class=\"page_item page-item-297\"><a href=\"https:\/\/monique-lachaux.fr\/?page_id=297\">#297 (pas de titre)<\/a><\/li>\n<li class=\"page_item page-item-11 current_page_parent\"><a href=\"https:\/\/monique-lachaux.fr\/?page_id=11\">Actualit\u00e9<\/a><\/li>\n<li class=\"page_item page-item-74 page_item_has_children\"><a href=\"https:\/\/monique-lachaux.fr\/?page_id=74\">Agenda des rencontres<\/a>\n<ul class='children'>\n\t<li class=\"page_item page-item-447\"><a href=\"https:\/\/monique-lachaux.fr\/?page_id=447\">Rencontre M\u00e9diath\u00e8que Eysines<\/a><\/li>\n<\/ul>\n<\/li>\n<li class=\"page_item page-item-72\"><a href=\"https:\/\/monique-lachaux.fr\/?page_id=72\">Autour du roman<\/a><\/li>\n<li class=\"page_item page-item-10\"><a href=\"https:\/\/monique-lachaux.fr\/?page_id=10\">Contact<\/a><\/li>\n<li class=\"page_item page-item-353\"><a href=\"https:\/\/monique-lachaux.fr\/?page_id=353\">Coups de c\u0153ur litt\u00e9raires<\/a><\/li>\n<li class=\"page_item page-item-9\"><a href=\"https:\/\/monique-lachaux.fr\/?page_id=9\">le petit mot de Spinoza :<\/a><\/li>\n<li class=\"page_item page-item-62\"><a href=\"https:\/\/monique-lachaux.fr\/?page_id=62\">Photo du livre<\/a><\/li>\n<li class=\"page_item page-item-228\"><a href=\"https:\/\/monique-lachaux.fr\/?page_id=228\">Plan du site<\/a><\/li>\n<li class=\"page_item page-item-69\"><a href=\"https:\/\/monique-lachaux.fr\/?page_id=69\">Publications<\/a><\/li>\n<li class=\"page_item page-item-80 page_item_has_children\"><a href=\"https:\/\/monique-lachaux.fr\/?page_id=80\">Qi Gong<\/a>\n<ul class='children'>\n\t<li class=\"page_item page-item-207\"><a href=\"https:\/\/monique-lachaux.fr\/?page_id=207\">Origine du Qi Gong<\/a><\/li>\n<\/ul>\n<\/li>\n<li class=\"page_item page-item-82\"><a href=\"https:\/\/monique-lachaux.fr\/?page_id=82\">Randonn\u00e9e itin\u00e9rante<\/a><\/li>\n<li class=\"page_item page-item-8\"><a href=\"https:\/\/monique-lachaux.fr\/?page_id=8\">Rencontre \u00e0 la m\u00e9diath\u00e8que Jean Degoul \u00e0 Eysines.<\/a><\/li>\n<li class=\"page_item page-item-64\"><a href=\"https:\/\/monique-lachaux.fr\/?page_id=64\">R\u00e9sum\u00e9 4\u00e8me de couverture<\/a><\/li>\n<li class=\"page_item page-item-78\"><a href=\"https:\/\/monique-lachaux.fr\/?page_id=78\">Textes in\u00e9dits<\/a><\/li>\n<\/ul><\/div><div id=\"wp-realtime-sitemap-posts\"><h3>Posts<\/h3><ul><li><a href=\"https:\/\/monique-lachaux.fr\/?p=89\" title=\"Permalink to Sortie de mon roman (f\u00e9ministe et \u00e9cologiste)\" rel=\"bookmark\">Sortie de mon roman (f\u00e9ministe et \u00e9cologiste)<\/a><\/li><li><a href=\"https:\/\/monique-lachaux.fr\/?p=223\" title=\"Permalink to Rencontres pr\u00e9vues au dernier trimestre 2019 (Librairies et Centres Culturels) ainsi qu&rsquo;au premier trimestre 2020 (M\u00e9diath\u00e8que). Je vous en dirai plus tr\u00e8s vite.\" rel=\"bookmark\">Rencontres pr\u00e9vues au dernier trimestre 2019 (Librairies et Centres Culturels) ainsi qu&rsquo;au premier trimestre 2020 (M\u00e9diath\u00e8que). Je vous en dirai plus tr\u00e8s vite.<\/a><\/li><li><a href=\"https:\/\/monique-lachaux.fr\/?p=240\" title=\"Permalink to Les lecteurs s&rsquo;expriment\" rel=\"bookmark\">Les lecteurs s&rsquo;expriment<\/a><\/li><li><a href=\"https:\/\/monique-lachaux.fr\/?p=449\" title=\"Permalink to Rencontre \u00e0 la M\u00e9diath\u00e8que d&rsquo;Eysines :                                              Monique Lachaux est eysinaise, tr\u00e8s concern\u00e9e par l&rsquo;environnement et le droit des femmes. Elle viendra pr\u00e9senter son livre \u00ab\u00a0La derni\u00e8re femme\u00a0\u00bb vendredi 24 janvier \u00e0 18h30 \u00e0 la m\u00e9diath\u00e8que Jean Degoul.\" rel=\"bookmark\">Rencontre \u00e0 la M\u00e9diath\u00e8que d&rsquo;Eysines :                                              Monique Lachaux est eysinaise, tr\u00e8s concern\u00e9e par l&rsquo;environnement et le droit des femmes. Elle viendra pr\u00e9senter son livre \u00ab\u00a0La derni\u00e8re femme\u00a0\u00bb vendredi 24 janvier \u00e0 18h30 \u00e0 la m\u00e9diath\u00e8que Jean Degoul.<\/a><\/li><li><a href=\"https:\/\/monique-lachaux.fr\/?p=484\" title=\"Permalink to Rencontre au Salon du Livre de SOULAC\" rel=\"bookmark\">Rencontre au Salon du Livre de SOULAC<\/a><\/li><\/ul><\/div><div id=\"wp-realtime-sitemap-archives\"><h3>Archives<\/h3><ul>\t<li><a href='https:\/\/monique-lachaux.fr\/?m=202007'>juillet 2020<\/a>&nbsp;(1)<\/li>\n\t<li><a href='https:\/\/monique-lachaux.fr\/?m=202001'>janvier 2020<\/a>&nbsp;(1)<\/li>\n\t<li><a href='https:\/\/monique-lachaux.fr\/?m=201908'>ao\u00fbt 2019<\/a>&nbsp;(1)<\/li>\n\t<li><a href='https:\/\/monique-lachaux.fr\/?m=201905'>mai 2019<\/a>&nbsp;(2)<\/li>\n<\/ul><\/div><div id=\"wp-realtime-sitemap-categories\"><h3>Categories<\/h3><ul>\t<li class=\"cat-item cat-item-5\"><a href=\"https:\/\/monique-lachaux.fr\/?cat=5\">Actualit\u00e9<\/a>\n<\/li>\n\t<li class=\"cat-item cat-item-7\"><a href=\"https:\/\/monique-lachaux.fr\/?cat=7\">Les lecteurs s&#039;expriment<\/a>\n<\/li>\n\t<li class=\"cat-item cat-item-8\"><a href=\"https:\/\/monique-lachaux.fr\/?cat=8\">Rencontres<\/a>\n<\/li>\n<\/ul><\/div><\/code><\/p>\n","protected":false},"excerpt":{"rendered":"","protected":false},"author":1,"featured_media":0,"parent":0,"menu_order":0,"comment_status":"closed","ping_status":"closed","template":"","meta":{"footnotes":""},"class_list":["post-228","page","type-page","status-publish","hentry"],"_links":{"self":[{"href":"https:\/\/monique-lachaux.fr\/index.php?rest_route=\/wp\/v2\/pages\/228","targetHints":{"allow":["GET"]}}],"collection":[{"href":"https:\/\/monique-lachaux.fr\/index.php?rest_route=\/wp\/v2\/pages"}],"about":[{"href":"https:\/\/monique-lachaux.fr\/index.php?rest_route=\/wp\/v2\/types\/page"}],"author":[{"embeddable":true,"href":"https:\/\/monique-lachaux.fr\/index.php?rest_route=\/wp\/v2\/users\/1"}],"replies":[{"embeddable":true,"href":"https:\/\/monique-lachaux.fr\/index.php?rest_route=%2Fwp%2Fv2%2Fcomments&post=228"}],"version-history":[{"count":1,"href":"https:\/\/monique-lachaux.fr\/index.php?rest_route=\/wp\/v2\/pages\/228\/revisions"}],"predecessor-version":[{"id":229,"href":"https:\/\/monique-lachaux.fr\/index.php?rest_route=\/wp\/v2\/pages\/228\/revisions\/229"}],"wp:attachment":[{"href":"https:\/\/monique-lachaux.fr\/index.php?rest_route=%2Fwp%2Fv2%2Fmedia&parent=228"}],"curies":[{"name":"wp","href":"https:\/\/api.w.org\/{rel}","templated":true}]}}