{"id":72,"date":"2019-05-12T02:22:00","date_gmt":"2019-05-12T00:22:00","guid":{"rendered":"http:\/\/monique-lachaux.fr\/?page_id=72"},"modified":"2019-08-12T11:11:07","modified_gmt":"2019-08-12T09:11:07","slug":"autour-des-romans","status":"publish","type":"page","link":"https:\/\/monique-lachaux.fr\/?page_id=72","title":{"rendered":"Autour du roman"},"content":{"rendered":"\n<p class=\"has-medium-font-size\"><strong>Personnages<\/strong> : <\/p>\n\n\n\n<p class=\"has-medium-font-size\"><strong>Bibliographie<\/strong> : <\/p>\n\n\n\n<p><strong>Nicholas Kristof et Sheryl WuDunn :<\/strong> La moiti\u00e9 du ciel &#8211; Editions Les Ar\u00e8nes.           <strong>                                                                                        Fran\u00e7oise H\u00e9ritier :<\/strong> Masculin &#8211; F\u00e9minin (1 &amp; 2) Editions Odile Jacob.                                                                                                                <strong>Jessica Bennett :<\/strong> Le Fight Club f\u00e9ministe &#8211; Editions Autrement.     <strong>Rebecca Solnit :<\/strong> Ces hommes qui m&rsquo;expliquent la vie &#8211; Editions de l&rsquo;Olivier.                                                                                                 <strong>Caroline Dayer : <\/strong>Sous les pav\u00e9s, le genre &#8211; Editions de l&rsquo;Aube. <strong>Raewyn Connell :<\/strong> Masculinit\u00e9s, enjeux sociaux de l&rsquo;h\u00e9g\u00e9monie &#8211; Editions Amsterdam.                                                                                       <strong>Le temps des femmes<\/strong> &#8211; Alternatives \u00e9conomiques &#8211; Hors-s\u00e9rie n\u00b051.                                                                                                        <strong>F\u00e9minismes d&rsquo;ailleurs <\/strong>&#8211; Editions Indig\u00e8nes.                                         <strong>Le UN : <\/strong> Les nouveaux combats des femmes &#8211; Sept 2018                                 <strong>Claire Brisset :<\/strong> Un monde qui d\u00e9vore ses enfants &#8211; Editions Liana Levi.           <strong>                                                                                       Fabienne Brug\u00e8re :<\/strong> On ne na\u00eet pas femme, on le devient &#8211; Editions Stock.                                                                                     <strong>B\u00e9n\u00e9dicte Manier :<\/strong> Quand les femmes auront disparu \/ L&rsquo;\u00e9limination des femmes en Inde et en Asie &#8211; Editions La D\u00e9couverte.             <\/p>\n\n\n\n<p><\/p>\n\n\n\n<p style=\"text-align:left\" class=\"has-medium-font-size\"><strong>Musiques : <\/strong> <\/p>\n\n\n\n<p><strong>Myriam Makeba :<\/strong>  Mama Africa et Indispensable 55-62        <strong>Khadja Nin :<\/strong> Sambolera                                                                              <strong>Fatou Seidi Ghali :<\/strong> Les filles de Hillilhahad                             <strong>Ang\u00e9lique Khidjo : <\/strong>Malaika                              <\/p>\n\n\n\n<p><strong>Schubert : <\/strong> Quatuor \u00e0 cordes n\u00b013 en la mineur, D.804 :  \u00ab\u00a0<em>Rosamunde<\/em>\u00a0\u00bb &amp;  Quatuor \u00e0 cordes n\u00b014 en r\u00e9 mineur D.810 :  \u00ab\u00a0<em>La jeune fille et la mort<\/em>\u00a0\u00bb &amp;  Sonate n\u00b020 en la majeur D.959.<\/p>\n\n\n\n<p>Musiques Klezmer  \/ <strong>The Klezmatics<\/strong>  : Rise Up !  (Davenen)                      &amp;  R\u00eaves et Passions : <strong>The Soul of Klezmer<\/strong> (2cd)<\/p>\n\n\n\n<p>Bella Ciao, chant anonyme de femmes partisanes italiennes.<\/p>\n\n\n\n<p><strong>Sonia Wieder-Atherton :<\/strong> Chants d&rsquo;Est &#8211; Song in remembrance of Schubert  (Na\u00efve) &amp;  L&rsquo;\u00e2me du violoncelle (2cd), Chants juifs pour violoncelle et piano. <\/p>\n\n\n\n<p>La ballade de <strong>Stan Getz<\/strong> (2cd)                                                                        <strong>Vinicius de Moraes &#8211; Maria Bethania &#8211; Toquinho :<\/strong> chansons c\u00e9l\u00e8bres de la Bossa Nova.                                                                 <strong>Gilberto Gil &#8211; Getz <\/strong>: Best of                                                                                   <strong>Stacey Kent<\/strong> :  Samba Saravah                                                              <strong>Pierre Barouh<\/strong> : Le pollen et Divers Dit Vert.<\/p>\n\n\n\n<p>La rengaine que sifflote Louis page 139 :  <strong>Serge Lama : <\/strong>\u00ab\u00a0Une \u00eele\u00a0\u00bb<\/p>\n","protected":false},"excerpt":{"rendered":"<p>Personnages : Bibliographie : Nicholas Kristof et Sheryl WuDunn : La moiti\u00e9 du ciel &#8211; Editions Les Ar\u00e8nes. Fran\u00e7oise H\u00e9ritier : Masculin &#8211; F\u00e9minin (1 &amp; 2) Editions Odile Jacob. Jessica Bennett : Le Fight Club f\u00e9ministe &#8211; Editions Autrement. Rebecca Solnit : Ces hommes qui m&rsquo;expliquent la vie &#8211; Editions de l&rsquo;Olivier. Caroline Dayer &hellip; <\/p>\n<p class=\"link-more\"><a href=\"https:\/\/monique-lachaux.fr\/?page_id=72\" class=\"more-link\">Continuer la lecture<span class=\"screen-reader-text\"> de &laquo;&nbsp;Autour du roman&nbsp;&raquo;<\/span><\/a><\/p>\n","protected":false},"author":1,"featured_media":0,"parent":0,"menu_order":0,"comment_status":"closed","ping_status":"closed","template":"","meta":{"footnotes":""},"class_list":["post-72","page","type-page","status-publish","hentry"],"_links":{"self":[{"href":"https:\/\/monique-lachaux.fr\/index.php?rest_route=\/wp\/v2\/pages\/72","targetHints":{"allow":["GET"]}}],"collection":[{"href":"https:\/\/monique-lachaux.fr\/index.php?rest_route=\/wp\/v2\/pages"}],"about":[{"href":"https:\/\/monique-lachaux.fr\/index.php?rest_route=\/wp\/v2\/types\/page"}],"author":[{"embeddable":true,"href":"https:\/\/monique-lachaux.fr\/index.php?rest_route=\/wp\/v2\/users\/1"}],"replies":[{"embeddable":true,"href":"https:\/\/monique-lachaux.fr\/index.php?rest_route=%2Fwp%2Fv2%2Fcomments&post=72"}],"version-history":[{"count":18,"href":"https:\/\/monique-lachaux.fr\/index.php?rest_route=\/wp\/v2\/pages\/72\/revisions"}],"predecessor-version":[{"id":427,"href":"https:\/\/monique-lachaux.fr\/index.php?rest_route=\/wp\/v2\/pages\/72\/revisions\/427"}],"wp:attachment":[{"href":"https:\/\/monique-lachaux.fr\/index.php?rest_route=%2Fwp%2Fv2%2Fmedia&parent=72"}],"curies":[{"name":"wp","href":"https:\/\/api.w.org\/{rel}","templated":true}]}}