{"id":74,"date":"2019-05-12T02:24:55","date_gmt":"2019-05-12T00:24:55","guid":{"rendered":"http:\/\/monique-lachaux.fr\/?page_id=74"},"modified":"2019-05-19T07:56:54","modified_gmt":"2019-05-19T05:56:54","slug":"agenda-des-rencontres","status":"publish","type":"page","link":"https:\/\/monique-lachaux.fr\/?page_id=74","title":{"rendered":"Agenda des rencontres"},"content":{"rendered":"\n<ul class=\"wp-block-list\"><li>Date \/ 21 Mai 2019<\/li><\/ul>\n\n\n\n<ul class=\"wp-block-list\"><li>Photo de l\u2019\u00e9v\u00e9nement : <\/li><\/ul>\n\n\n\n<figure class=\"wp-block-image\"><img loading=\"lazy\" decoding=\"async\" width=\"800\" height=\"400\" src=\"http:\/\/monique-lachaux.fr\/wp-content\/uploads\/2019\/05\/image-1.png\" alt=\"\" class=\"wp-image-182\" srcset=\"https:\/\/monique-lachaux.fr\/wp-content\/uploads\/2019\/05\/image-1.png 800w, https:\/\/monique-lachaux.fr\/wp-content\/uploads\/2019\/05\/image-1-300x150.png 300w, https:\/\/monique-lachaux.fr\/wp-content\/uploads\/2019\/05\/image-1-768x384.png 768w\" sizes=\"auto, (max-width: 767px) 89vw, (max-width: 1000px) 54vw, (max-width: 1071px) 543px, 580px\" \/><\/figure>\n\n\n\n<ul class=\"wp-block-list\"><li>Lieu  :  La Ressourcerie  <\/li><\/ul>\n\n\n\n<ul class=\"wp-block-list\"><li>Texte d\u2019accompagnement : <\/li><\/ul>\n\n\n\n<p>La Ressourcerie donne la voix au chapitre \u00e0 Monique Lachaux, une femme qui a des cordes \u00e0 son arc: grande lectrice et passionn\u00e9e de litt\u00e9rature, elle n&rsquo;a pas cess\u00e9 d&rsquo;\u00e9crire tout en menant une carri\u00e8re d&rsquo;infirmi\u00e8re, de sophrologue et d&rsquo;animatrice d&rsquo;ateliers de peinture Arno Stern. Tr\u00e8s jeune, elle a pris conscience des enjeux environnementaux et le sort r\u00e9serv\u00e9 aux femmes dans le monde est un th\u00e8me r\u00e9current de ses inspirations. dans ses textes, elle offre une r\u00e9flexion sur les diff\u00e9rentes facettes de la domination et explore des voies de r\u00e9silience.&nbsp;<\/p>\n\n\n\n<p>Son roman&nbsp;<em>La Derni\u00e8re Femme&nbsp;<\/em>se situe dans un futur proche o\u00f9 la menace environnementale est devenue une r\u00e9alit\u00e9. Il se d\u00e9roule sur treize journ\u00e9e que nous passons en compagnie d&rsquo;Eva, une jeune femme humaniste, chercheuse en biologie, convaincue que la protection de la plan\u00e8te inclut celle des femmes. Elle se trouve sur une \u00eele quand survient une catastrophe sans pr\u00e9c\u00e9dent. Devenue la \u00ab\u00a0derni\u00e8re femme\u00a0\u00bb, Robinson Cruso\u00eb au f\u00e9minin, Eva Carolus va tenter de survivre en affrontant \u00e0 la fois un monde r\u00e9gi par le masculin et un univers o\u00f9 les \u00e9l\u00e9ments se d\u00e9cha\u00eenent.&nbsp;<\/p>\n\n\n\n<p>On vous attend nombreuses et nombreux \ud83e\udd17<br><\/p>\n\n\n\n<ul class=\"wp-block-list\"><li><\/li><\/ul>\n\n\n\n<ul class=\"wp-block-list\"><li>Adresse et coordonn\u00e9es : 21, Cours du Chapeau Rouge &#8211; Bordeaux<\/li><\/ul>\n\n\n\n<ul class=\"wp-block-list\"><li>Dit dans les r\u00e9seaux sociaux<\/li><\/ul>\n\n\n\n<ul class=\"wp-block-list\"><li>Dit dans la presse<\/li><\/ul>\n","protected":false},"excerpt":{"rendered":"<p>Date \/ 21 Mai 2019 Photo de l\u2019\u00e9v\u00e9nement : Lieu : La Ressourcerie Texte d\u2019accompagnement : La Ressourcerie donne la voix au chapitre \u00e0 Monique Lachaux, une femme qui a des cordes \u00e0 son arc: grande lectrice et passionn\u00e9e de litt\u00e9rature, elle n&rsquo;a pas cess\u00e9 d&rsquo;\u00e9crire tout en menant une carri\u00e8re d&rsquo;infirmi\u00e8re, de sophrologue et &hellip; <\/p>\n<p class=\"link-more\"><a href=\"https:\/\/monique-lachaux.fr\/?page_id=74\" class=\"more-link\">Continuer la lecture<span class=\"screen-reader-text\"> de &laquo;&nbsp;Agenda des rencontres&nbsp;&raquo;<\/span><\/a><\/p>\n","protected":false},"author":1,"featured_media":0,"parent":0,"menu_order":0,"comment_status":"closed","ping_status":"closed","template":"","meta":{"footnotes":""},"class_list":["post-74","page","type-page","status-publish","hentry"],"_links":{"self":[{"href":"https:\/\/monique-lachaux.fr\/index.php?rest_route=\/wp\/v2\/pages\/74","targetHints":{"allow":["GET"]}}],"collection":[{"href":"https:\/\/monique-lachaux.fr\/index.php?rest_route=\/wp\/v2\/pages"}],"about":[{"href":"https:\/\/monique-lachaux.fr\/index.php?rest_route=\/wp\/v2\/types\/page"}],"author":[{"embeddable":true,"href":"https:\/\/monique-lachaux.fr\/index.php?rest_route=\/wp\/v2\/users\/1"}],"replies":[{"embeddable":true,"href":"https:\/\/monique-lachaux.fr\/index.php?rest_route=%2Fwp%2Fv2%2Fcomments&post=74"}],"version-history":[{"count":2,"href":"https:\/\/monique-lachaux.fr\/index.php?rest_route=\/wp\/v2\/pages\/74\/revisions"}],"predecessor-version":[{"id":183,"href":"https:\/\/monique-lachaux.fr\/index.php?rest_route=\/wp\/v2\/pages\/74\/revisions\/183"}],"wp:attachment":[{"href":"https:\/\/monique-lachaux.fr\/index.php?rest_route=%2Fwp%2Fv2%2Fmedia&parent=74"}],"curies":[{"name":"wp","href":"https:\/\/api.w.org\/{rel}","templated":true}]}}