{"id":8,"date":"2019-04-07T12:01:02","date_gmt":"2019-04-07T10:01:02","guid":{"rendered":"http:\/\/monique-lachaux.fr\/?page_id=8"},"modified":"2020-07-26T14:08:42","modified_gmt":"2020-07-26T12:08:42","slug":"accueil","status":"publish","type":"page","link":"https:\/\/monique-lachaux.fr\/?page_id=8","title":{"rendered":"Rencontre \u00e0 la m\u00e9diath\u00e8que Jean Degoul \u00e0 Eysines."},"content":{"rendered":"\n<figure class=\"wp-block-image\"><img loading=\"lazy\" decoding=\"async\" width=\"768\" height=\"1024\" src=\"https:\/\/monique-lachaux.fr\/wp-content\/uploads\/2020\/01\/414E321F-D24D-420B-A098-03D443C4C44D_1_105_c-768x1024.jpeg\" alt=\"\" class=\"wp-image-451\" srcset=\"https:\/\/monique-lachaux.fr\/wp-content\/uploads\/2020\/01\/414E321F-D24D-420B-A098-03D443C4C44D_1_105_c.jpeg 768w, https:\/\/monique-lachaux.fr\/wp-content\/uploads\/2020\/01\/414E321F-D24D-420B-A098-03D443C4C44D_1_105_c-225x300.jpeg 225w\" sizes=\"auto, (max-width: 767px) 89vw, (max-width: 1000px) 54vw, (max-width: 1071px) 543px, 580px\" \/><\/figure>\n\n\n<h4>Monique Lachaux est eysinaise, tr\u00e8s concern\u00e9e par l&rsquo;environnement et le droit des femmes. &nbsp;Elle viendra pr\u00e9senter son livre \u00ab\u00a0La derni\u00e8re femme\u00a0\u00bb vendredi 24 janvier \u00e0 18h30 \u00e0 la m\u00e9diath\u00e8que Jean Degoul.<\/h4>\n<p><\/p>\n\n\n<h1 class=\"wp-block-heading\" id=\"site-title\">Un bel article de Laeticia du Blog aujourd&rsquo;hui incontournable : Les  <a href=\"https:\/\/liseusesdebordeaux.org\/\">Liseuses de Bordeaux<\/a><\/h1>\n\n\n\n<h2 class=\"wp-block-heading\" id=\"site-description\">LIRE ET PARTAGER<\/h2>\n\n\n\n<figure class=\"wp-block-image\"><a href=\"https:\/\/liseusesdebordeaux.org\/\"><img decoding=\"async\" src=\"https:\/\/liseuses.files.wordpress.com\/2018\/10\/cropped-les-liseuses-2018-copie.jpg\" alt=\"\"\/><\/a><\/figure>\n\n\n\n<p><\/p>\n\n\n\n<h1 class=\"wp-block-heading\">La derni\u00e8re femme de Monique&nbsp;Lachaux<\/h1>\n\n\n\n<p><a href=\"https:\/\/liseusesdebordeaux.org\/2019\/09\/23\/la-derniere-femme-de-monique-lachaux\/#respond\"><\/a><\/p>\n\n\n\n<div class=\"wp-block-image\"><figure class=\"alignleft\"><a href=\"https:\/\/liseuses.files.wordpress.com\/2019\/09\/2c8d39ba-ecab-4303-af6d-6cb5dfba3121.jpeg\"><img decoding=\"async\" src=\"https:\/\/liseuses.files.wordpress.com\/2019\/09\/2c8d39ba-ecab-4303-af6d-6cb5dfba3121.jpeg?w=130&amp;h=201\" alt=\"\" class=\"wp-image-7378\"\/><\/a><\/figure><\/div>\n\n\n\n<p>Voil\u00e0 publi\u00e9 un premier roman de Monique Lachaux, Bordelaise qui s\u2019est beaucoup exerc\u00e9e \u00e0 la po\u00e9sie. Elle vient nous offrir une riche histoire, dans le champ d\u2019une science-fiction pas tr\u00e8s lointaine de ce que l\u2019on pourrait imaginer de nos vies, dans une futur tr\u00e8s proche\u2026<\/p>\n\n\n\n<p>Plus utopiste que dystopique, le r\u00e9cit nous plonge dans un univers pens\u00e9 et construit par des hommes, univers dict\u00e9 par les r\u00e8gles de la consommation, du profit, de la technologie et au m\u00e9pris du vivant.<\/p>\n\n\n\n<p>L\u2019histoire se d\u00e9plie sur treize journ\u00e9es, op\u00e9ration de survie suite \u00e0 une catastrophe plan\u00e9taire sans pr\u00e9c\u00e9dent\u2026. Eva, chercheur en biologie, a longtemps cultiv\u00e9 un jardin secret, \u00ab&nbsp;son \u00eele \u00bb, petit recoin de terre o\u00f9 elle veille sur la biodiversit\u00e9 autant que sur sa propre \u00e9chapp\u00e9e d\u2019un monde noirci par les pollutions humaines.<\/p>\n\n\n\n<p>Eva pourrait-elle \u00eatre la derni\u00e8re femme de cette plan\u00e8te&nbsp;? Comment la vie et une petite communaut\u00e9 se tissent-elles \u00e0 partir de valeurs de partage, de respect, de fraternit\u00e9, et d\u2019une veille attentive sur l\u2019\u00e9quilibre entre l\u2019homme et la nature&nbsp;?<\/p>\n\n\n\n<p>On peut lire cette histoire comme un conte po\u00e9tique, f\u00e9ministe et \u00e9cologique.<\/p>\n\n\n\n<p>Un beau roman, fluide, une aventure comme une robinsonnade, que vous ne l\u00e2cherez pas\u2026 une fois le livre commenc\u00e9.<\/p>\n\n\n\n<p><em>Laetitia, septembre 2019<\/em><\/p>\n\n\n\n<p>Post\u00e9 dans&nbsp;<a href=\"https:\/\/liseusesdebordeaux.org\/category\/4-auteurs\/lachaux-monique\/\">LACHAUX Monique<\/a>,&nbsp;<a href=\"https:\/\/liseusesdebordeaux.org\/category\/0-auteur-du-post\/laetitia\/\">Laetitia<\/a>,&nbsp;<a href=\"https:\/\/liseusesdebordeaux.org\/category\/1-genres-litteraires\/roman\/\">Roman<\/a>,&nbsp;<a href=\"https:\/\/liseusesdebordeaux.org\/category\/5-editeur\/saint-honore\/\">Saint-Honor\u00e9<\/a><\/p>\n\n\n\n<p>Tagu\u00e9&nbsp;<a href=\"https:\/\/liseusesdebordeaux.org\/tag\/biodiversite\/\">biodiversit\u00e9<\/a>,&nbsp;<a href=\"https:\/\/liseusesdebordeaux.org\/tag\/catastrophe\/\">catastrophe<\/a>,&nbsp;<a href=\"https:\/\/liseusesdebordeaux.org\/tag\/femme\/\">femme<\/a>,&nbsp;<a href=\"https:\/\/liseusesdebordeaux.org\/tag\/planete\/\">plan\u00e8te<\/a>,&nbsp;<a href=\"https:\/\/liseusesdebordeaux.org\/tag\/utopie\/\">utopie<\/a><\/p>\n","protected":false},"excerpt":{"rendered":"<p>Monique Lachaux est eysinaise, tr\u00e8s concern\u00e9e par l&rsquo;environnement et le droit des femmes. &nbsp;Elle viendra pr\u00e9senter son livre \u00ab\u00a0La derni\u00e8re femme\u00a0\u00bb vendredi 24 janvier \u00e0 18h30 \u00e0 la m\u00e9diath\u00e8que Jean Degoul. Un bel article de Laeticia du Blog aujourd&rsquo;hui incontournable : Les Liseuses de Bordeaux LIRE ET PARTAGER La derni\u00e8re femme de Monique&nbsp;Lachaux Voil\u00e0 publi\u00e9 &hellip; <\/p>\n<p class=\"link-more\"><a href=\"https:\/\/monique-lachaux.fr\/?page_id=8\" class=\"more-link\">Continuer la lecture<span class=\"screen-reader-text\"> de &laquo;&nbsp;Rencontre \u00e0 la m\u00e9diath\u00e8que Jean Degoul \u00e0 Eysines.&nbsp;&raquo;<\/span><\/a><\/p>\n","protected":false},"author":1,"featured_media":0,"parent":0,"menu_order":0,"comment_status":"closed","ping_status":"closed","template":"","meta":{"footnotes":""},"class_list":["post-8","page","type-page","status-publish","hentry"],"_links":{"self":[{"href":"https:\/\/monique-lachaux.fr\/index.php?rest_route=\/wp\/v2\/pages\/8","targetHints":{"allow":["GET"]}}],"collection":[{"href":"https:\/\/monique-lachaux.fr\/index.php?rest_route=\/wp\/v2\/pages"}],"about":[{"href":"https:\/\/monique-lachaux.fr\/index.php?rest_route=\/wp\/v2\/types\/page"}],"author":[{"embeddable":true,"href":"https:\/\/monique-lachaux.fr\/index.php?rest_route=\/wp\/v2\/users\/1"}],"replies":[{"embeddable":true,"href":"https:\/\/monique-lachaux.fr\/index.php?rest_route=%2Fwp%2Fv2%2Fcomments&post=8"}],"version-history":[{"count":11,"href":"https:\/\/monique-lachaux.fr\/index.php?rest_route=\/wp\/v2\/pages\/8\/revisions"}],"predecessor-version":[{"id":477,"href":"https:\/\/monique-lachaux.fr\/index.php?rest_route=\/wp\/v2\/pages\/8\/revisions\/477"}],"wp:attachment":[{"href":"https:\/\/monique-lachaux.fr\/index.php?rest_route=%2Fwp%2Fv2%2Fmedia&parent=8"}],"curies":[{"name":"wp","href":"https:\/\/api.w.org\/{rel}","templated":true}]}}