{"id":82,"date":"2019-05-12T02:29:53","date_gmt":"2019-05-12T00:29:53","guid":{"rendered":"http:\/\/monique-lachaux.fr\/?page_id=82"},"modified":"2019-08-08T19:54:38","modified_gmt":"2019-08-08T17:54:38","slug":"randonnee-itinerante","status":"publish","type":"page","link":"https:\/\/monique-lachaux.fr\/?page_id=82","title":{"rendered":"Randonn\u00e9e itin\u00e9rante"},"content":{"rendered":"\n<figure class=\"wp-block-image is-resized\"><img loading=\"lazy\" decoding=\"async\" src=\"https:\/\/monique-lachaux.fr\/wp-content\/uploads\/2019\/05\/UNADJUSTEDNONRAW_thumb_b57d.jpg\" alt=\"\" class=\"wp-image-152\" width=\"187\" height=\"312\" srcset=\"https:\/\/monique-lachaux.fr\/wp-content\/uploads\/2019\/05\/UNADJUSTEDNONRAW_thumb_b57d.jpg 480w, https:\/\/monique-lachaux.fr\/wp-content\/uploads\/2019\/05\/UNADJUSTEDNONRAW_thumb_b57d-180x300.jpg 180w\" sizes=\"auto, (max-width: 187px) 100vw, 187px\" \/><figcaption>EN AVANT&#8230;.! <\/figcaption><\/figure>\n\n\n\n<figure class=\"wp-block-image is-resized\"><img loading=\"lazy\" decoding=\"async\" src=\"https:\/\/monique-lachaux.fr\/wp-content\/uploads\/2019\/08\/IMG_3328-e1564992235545-768x1024.jpg\" alt=\"\" class=\"wp-image-303\" width=\"188\" height=\"251\" srcset=\"https:\/\/monique-lachaux.fr\/wp-content\/uploads\/2019\/08\/IMG_3328-e1564992235545-768x1024.jpg 768w, https:\/\/monique-lachaux.fr\/wp-content\/uploads\/2019\/08\/IMG_3328-e1564992235545-225x300.jpg 225w\" sizes=\"auto, (max-width: 188px) 100vw, 188px\" \/><\/figure>\n\n\n\n<h1 class=\"wp-block-heading\">2016 \/ Tour du Bassin d&rsquo;Arcachon<\/h1>\n\n\n\n<p><strong>D\u00e9part d&rsquo;Arcachon<\/strong>-1 : Gujan &#8212;2 : Audenge&#8211;3 : Cassy&#8211;4 : Ar\u00e8s&#8211;5 : Grand Piquey&#8211;6 : la Pointe Belisaire. <strong>Retour \u00e0 Arcachon en bateau<\/strong>.<\/p>\n\n\n\n<figure class=\"wp-block-image is-resized\"><img loading=\"lazy\" decoding=\"async\" src=\"https:\/\/monique-lachaux.fr\/wp-content\/uploads\/2019\/08\/IMG_3792-e1564991001656-768x1024.jpg\" alt=\"\" class=\"wp-image-270\" width=\"304\" height=\"405\" srcset=\"https:\/\/monique-lachaux.fr\/wp-content\/uploads\/2019\/08\/IMG_3792-e1564991001656-768x1024.jpg 768w, https:\/\/monique-lachaux.fr\/wp-content\/uploads\/2019\/08\/IMG_3792-e1564991001656-225x300.jpg 225w\" sizes=\"auto, (max-width: 304px) 100vw, 304px\" \/><\/figure>\n\n\n\n<figure class=\"wp-block-image is-resized\"><img loading=\"lazy\" decoding=\"async\" src=\"https:\/\/monique-lachaux.fr\/wp-content\/uploads\/2019\/08\/IMG_3813-1-e1564991028341-768x1024.jpg\" alt=\"\" class=\"wp-image-272\" width=\"305\" height=\"407\" srcset=\"https:\/\/monique-lachaux.fr\/wp-content\/uploads\/2019\/08\/IMG_3813-1-e1564991028341-768x1024.jpg 768w, https:\/\/monique-lachaux.fr\/wp-content\/uploads\/2019\/08\/IMG_3813-1-e1564991028341-225x300.jpg 225w\" sizes=\"auto, (max-width: 305px) 100vw, 305px\" \/><\/figure>\n\n\n\n<figure class=\"wp-block-image\"><img loading=\"lazy\" decoding=\"async\" width=\"1024\" height=\"432\" src=\"https:\/\/monique-lachaux.fr\/wp-content\/uploads\/2019\/08\/IMG_3951-1-1024x432.jpeg\" alt=\"\" class=\"wp-image-266\" srcset=\"https:\/\/monique-lachaux.fr\/wp-content\/uploads\/2019\/08\/IMG_3951-1-1024x432.jpeg 1024w, https:\/\/monique-lachaux.fr\/wp-content\/uploads\/2019\/08\/IMG_3951-1-300x127.jpeg 300w, https:\/\/monique-lachaux.fr\/wp-content\/uploads\/2019\/08\/IMG_3951-1-768x324.jpeg 768w\" sizes=\"auto, (max-width: 767px) 89vw, (max-width: 1000px) 54vw, (max-width: 1071px) 543px, 580px\" \/><\/figure>\n\n\n\n<h2 class=\"wp-block-heading\">2017 \/ Tour de l&rsquo;Ile d&rsquo;Ol\u00e9ron <\/h2>\n\n\n\n<p><strong>D\u00e9part du Ch\u00e2teau d&rsquo;Ol\u00e9ron<\/strong>. 1 : Saint-Trojan&#8211;2 : La Cotini\u00e8re&#8211;3 : Port Saint-Denis Chassiron&#8211;4 : Boyardville&#8211;5 : Le Ch\u00e2teau. <\/p>\n\n\n\n<figure class=\"wp-block-image is-resized\"><img loading=\"lazy\" decoding=\"async\" src=\"https:\/\/monique-lachaux.fr\/wp-content\/uploads\/2019\/05\/UNADJUSTEDNONRAW_thumb_a365-1024x768.jpg\" alt=\"\" class=\"wp-image-153\" width=\"401\" height=\"301\" srcset=\"https:\/\/monique-lachaux.fr\/wp-content\/uploads\/2019\/05\/UNADJUSTEDNONRAW_thumb_a365.jpg 1024w, https:\/\/monique-lachaux.fr\/wp-content\/uploads\/2019\/05\/UNADJUSTEDNONRAW_thumb_a365-300x225.jpg 300w, https:\/\/monique-lachaux.fr\/wp-content\/uploads\/2019\/05\/UNADJUSTEDNONRAW_thumb_a365-768x576.jpg 768w\" sizes=\"auto, (max-width: 401px) 100vw, 401px\" \/><\/figure>\n\n\n\n<figure class=\"wp-block-image is-resized\"><img loading=\"lazy\" decoding=\"async\" src=\"https:\/\/monique-lachaux.fr\/wp-content\/uploads\/2019\/08\/IMG_3399-e1564991014755-768x1024.jpg\" alt=\"\" class=\"wp-image-271\" width=\"264\" height=\"352\" srcset=\"https:\/\/monique-lachaux.fr\/wp-content\/uploads\/2019\/08\/IMG_3399-e1564991014755-768x1024.jpg 768w, https:\/\/monique-lachaux.fr\/wp-content\/uploads\/2019\/08\/IMG_3399-e1564991014755-225x300.jpg 225w\" sizes=\"auto, (max-width: 264px) 100vw, 264px\" \/><\/figure>\n\n\n\n<figure class=\"wp-block-image is-resized\"><img loading=\"lazy\" decoding=\"async\" src=\"https:\/\/monique-lachaux.fr\/wp-content\/uploads\/2019\/05\/UNADJUSTEDNONRAW_thumb_9e6d-1024x768.jpg\" alt=\"\" class=\"wp-image-151\" width=\"399\" height=\"299\" srcset=\"https:\/\/monique-lachaux.fr\/wp-content\/uploads\/2019\/05\/UNADJUSTEDNONRAW_thumb_9e6d.jpg 1024w, https:\/\/monique-lachaux.fr\/wp-content\/uploads\/2019\/05\/UNADJUSTEDNONRAW_thumb_9e6d-300x225.jpg 300w, https:\/\/monique-lachaux.fr\/wp-content\/uploads\/2019\/05\/UNADJUSTEDNONRAW_thumb_9e6d-768x576.jpg 768w\" sizes=\"auto, (max-width: 399px) 100vw, 399px\" \/><\/figure>\n\n\n\n<h2 class=\"wp-block-heading\">2018 \/ La Rochelle &#8211; Marais Poitevin &#8211; Noirmoutier<\/h2>\n\n\n\n<p><strong>D\u00e9part de la gare de La Rochelle<\/strong>. &#8211;1 : Puilboreau&#8211;2 : Marans&#8211;3 : Saint-Michel de l&rsquo;Herm&#8211;4 : La Tranche sur Mer&#8211;5 : Saint Vincent du Jard&#8211;6 : Les Sables d&rsquo;Olonne&#8211;7 : Brem sur Mer&#8211;8 : Saint Gilles Croix de Vie&#8211;Saint Jean de Monts&#8211;8 : Barb\u00e2tre&#8211;9 : Noirmoutier en l&rsquo;Ile. <\/p>\n\n\n\n<figure class=\"wp-block-image is-resized\"><img loading=\"lazy\" decoding=\"async\" src=\"https:\/\/monique-lachaux.fr\/wp-content\/uploads\/2019\/08\/IMG_1131-1-e1564990933404-1024x768.jpg\" alt=\"\" class=\"wp-image-284\" width=\"384\" height=\"288\" srcset=\"https:\/\/monique-lachaux.fr\/wp-content\/uploads\/2019\/08\/IMG_1131-1-e1564990933404-1024x768.jpg 1024w, https:\/\/monique-lachaux.fr\/wp-content\/uploads\/2019\/08\/IMG_1131-1-e1564990933404-300x225.jpg 300w, https:\/\/monique-lachaux.fr\/wp-content\/uploads\/2019\/08\/IMG_1131-1-e1564990933404-768x576.jpg 768w\" sizes=\"auto, (max-width: 384px) 100vw, 384px\" \/><\/figure>\n\n\n\n<figure class=\"wp-block-image is-resized\"><img loading=\"lazy\" decoding=\"async\" src=\"https:\/\/monique-lachaux.fr\/wp-content\/uploads\/2019\/08\/IMG_1306-e1565006680500-768x1024.jpg\" alt=\"\" class=\"wp-image-346\" width=\"363\" height=\"484\" srcset=\"https:\/\/monique-lachaux.fr\/wp-content\/uploads\/2019\/08\/IMG_1306-e1565006680500-768x1024.jpg 768w, https:\/\/monique-lachaux.fr\/wp-content\/uploads\/2019\/08\/IMG_1306-e1565006680500-225x300.jpg 225w\" sizes=\"auto, (max-width: 363px) 100vw, 363px\" \/><\/figure>\n\n\n\n<figure class=\"wp-block-image is-resized\"><img loading=\"lazy\" decoding=\"async\" src=\"https:\/\/monique-lachaux.fr\/wp-content\/uploads\/2019\/08\/IMG_1155-e1565006637704-768x1024.jpg\" alt=\"\" class=\"wp-image-347\" width=\"374\" height=\"499\" srcset=\"https:\/\/monique-lachaux.fr\/wp-content\/uploads\/2019\/08\/IMG_1155-e1565006637704-768x1024.jpg 768w, https:\/\/monique-lachaux.fr\/wp-content\/uploads\/2019\/08\/IMG_1155-e1565006637704-225x300.jpg 225w\" sizes=\"auto, (max-width: 374px) 100vw, 374px\" \/><\/figure>\n\n\n\n<figure class=\"wp-block-image is-resized\"><img loading=\"lazy\" decoding=\"async\" src=\"https:\/\/monique-lachaux.fr\/wp-content\/uploads\/2019\/08\/IMG_1354-e1565006714750-768x1024.jpg\" alt=\"\" class=\"wp-image-344\" width=\"373\" height=\"497\" srcset=\"https:\/\/monique-lachaux.fr\/wp-content\/uploads\/2019\/08\/IMG_1354-e1565006714750-768x1024.jpg 768w, https:\/\/monique-lachaux.fr\/wp-content\/uploads\/2019\/08\/IMG_1354-e1565006714750-225x300.jpg 225w\" sizes=\"auto, (max-width: 373px) 100vw, 373px\" \/><\/figure>\n\n\n\n<figure class=\"wp-block-image is-resized\"><img loading=\"lazy\" decoding=\"async\" src=\"https:\/\/monique-lachaux.fr\/wp-content\/uploads\/2019\/08\/IMG_1346-e1565006698983-768x1024.jpg\" alt=\"\" class=\"wp-image-345\" width=\"376\" height=\"501\" srcset=\"https:\/\/monique-lachaux.fr\/wp-content\/uploads\/2019\/08\/IMG_1346-e1565006698983-768x1024.jpg 768w, https:\/\/monique-lachaux.fr\/wp-content\/uploads\/2019\/08\/IMG_1346-e1565006698983-225x300.jpg 225w\" sizes=\"auto, (max-width: 376px) 100vw, 376px\" \/><\/figure>\n\n\n\n<figure class=\"wp-block-image is-resized\"><img loading=\"lazy\" decoding=\"async\" src=\"https:\/\/monique-lachaux.fr\/wp-content\/uploads\/2019\/08\/IMG_1665-2-e1564990873487-1024x768.jpg\" alt=\"\" class=\"wp-image-300\" width=\"378\" height=\"284\" srcset=\"https:\/\/monique-lachaux.fr\/wp-content\/uploads\/2019\/08\/IMG_1665-2-e1564990873487-1024x768.jpg 1024w, https:\/\/monique-lachaux.fr\/wp-content\/uploads\/2019\/08\/IMG_1665-2-e1564990873487-300x225.jpg 300w, https:\/\/monique-lachaux.fr\/wp-content\/uploads\/2019\/08\/IMG_1665-2-e1564990873487-768x576.jpg 768w\" sizes=\"auto, (max-width: 378px) 100vw, 378px\" \/><\/figure>\n\n\n\n<h2 class=\"wp-block-heading\">2019 \/ Tour du Golfe du Morbihan<\/h2>\n\n\n\n<p><strong>D\u00e9part du Bono<\/strong>. 1 : Meriadec&#8211;2 : Larmor-Baden&#8211;3 : Port Blanc&#8211;4 : Kerat&#8211;5 : Pont du Vincin&#8211;6 : S\u00e9n\u00e9&#8211;7 : Noyalo&#8211;8 : Saint Armel&#8211;9 : Ile d&rsquo;Arz&#8211;10 : Saint Colombier&#8211;11 : Brillac&#8211;12 : Port Navalo. <\/p>\n\n\n\n<figure class=\"wp-block-image is-resized\"><img loading=\"lazy\" decoding=\"async\" src=\"https:\/\/monique-lachaux.fr\/wp-content\/uploads\/2019\/08\/IMG_4612-e1564993560291-768x1024.jpg\" alt=\"\" class=\"wp-image-316\" width=\"308\" height=\"411\" srcset=\"https:\/\/monique-lachaux.fr\/wp-content\/uploads\/2019\/08\/IMG_4612-e1564993560291-768x1024.jpg 768w, https:\/\/monique-lachaux.fr\/wp-content\/uploads\/2019\/08\/IMG_4612-e1564993560291-225x300.jpg 225w\" sizes=\"auto, (max-width: 308px) 100vw, 308px\" \/><\/figure>\n\n\n\n<figure class=\"wp-block-image is-resized\"><img loading=\"lazy\" decoding=\"async\" src=\"https:\/\/monique-lachaux.fr\/wp-content\/uploads\/2019\/08\/IMG_4916-1-e1564993647415-768x1024.jpg\" alt=\"\" class=\"wp-image-313\" width=\"310\" height=\"413\" srcset=\"https:\/\/monique-lachaux.fr\/wp-content\/uploads\/2019\/08\/IMG_4916-1-e1564993647415-768x1024.jpg 768w, https:\/\/monique-lachaux.fr\/wp-content\/uploads\/2019\/08\/IMG_4916-1-e1564993647415-225x300.jpg 225w\" sizes=\"auto, (max-width: 310px) 100vw, 310px\" \/><\/figure>\n\n\n\n<figure class=\"wp-block-image is-resized\"><img loading=\"lazy\" decoding=\"async\" src=\"https:\/\/monique-lachaux.fr\/wp-content\/uploads\/2019\/08\/IMG_4920-e1565005960759-1024x768.jpg\" alt=\"\" class=\"wp-image-341\" width=\"350\" height=\"262\" srcset=\"https:\/\/monique-lachaux.fr\/wp-content\/uploads\/2019\/08\/IMG_4920-e1565005960759-1024x768.jpg 1024w, https:\/\/monique-lachaux.fr\/wp-content\/uploads\/2019\/08\/IMG_4920-e1565005960759-300x225.jpg 300w, https:\/\/monique-lachaux.fr\/wp-content\/uploads\/2019\/08\/IMG_4920-e1565005960759-768x576.jpg 768w\" sizes=\"auto, (max-width: 350px) 100vw, 350px\" \/><\/figure>\n\n\n\n<figure class=\"wp-block-image is-resized\"><img loading=\"lazy\" decoding=\"async\" src=\"https:\/\/monique-lachaux.fr\/wp-content\/uploads\/2019\/08\/IMG_5024-e1564993880699-1024x768.jpg\" alt=\"\" class=\"wp-image-311\" width=\"354\" height=\"265\" srcset=\"https:\/\/monique-lachaux.fr\/wp-content\/uploads\/2019\/08\/IMG_5024-e1564993880699-1024x768.jpg 1024w, https:\/\/monique-lachaux.fr\/wp-content\/uploads\/2019\/08\/IMG_5024-e1564993880699-300x225.jpg 300w, https:\/\/monique-lachaux.fr\/wp-content\/uploads\/2019\/08\/IMG_5024-e1564993880699-768x576.jpg 768w\" sizes=\"auto, (max-width: 354px) 100vw, 354px\" \/><\/figure>\n\n\n\n<figure class=\"wp-block-image is-resized\"><img loading=\"lazy\" decoding=\"async\" src=\"https:\/\/monique-lachaux.fr\/wp-content\/uploads\/2019\/08\/IMG_4715-e1565005980147-768x1024.jpg\" alt=\"\" class=\"wp-image-342\" width=\"324\" height=\"432\" srcset=\"https:\/\/monique-lachaux.fr\/wp-content\/uploads\/2019\/08\/IMG_4715-e1565005980147-768x1024.jpg 768w, https:\/\/monique-lachaux.fr\/wp-content\/uploads\/2019\/08\/IMG_4715-e1565005980147-225x300.jpg 225w\" sizes=\"auto, (max-width: 324px) 100vw, 324px\" \/><\/figure>\n\n\n\n<p>Vid\u00e9os<\/p>\n\n\n\n<figure class=\"wp-block-image is-resized\"><img loading=\"lazy\" decoding=\"async\" src=\"https:\/\/monique-lachaux.fr\/wp-content\/uploads\/2019\/08\/IMG_4680-e1564993589344-768x1024.jpg\" alt=\"\" class=\"wp-image-315\" width=\"325\" height=\"433\" srcset=\"https:\/\/monique-lachaux.fr\/wp-content\/uploads\/2019\/08\/IMG_4680-e1564993589344-768x1024.jpg 768w, https:\/\/monique-lachaux.fr\/wp-content\/uploads\/2019\/08\/IMG_4680-e1564993589344-225x300.jpg 225w\" sizes=\"auto, (max-width: 325px) 100vw, 325px\" \/><\/figure>\n\n\n\n<p>Commentaires<\/p>\n","protected":false},"excerpt":{"rendered":"<p>2016 \/ Tour du Bassin d&rsquo;Arcachon D\u00e9part d&rsquo;Arcachon-1 : Gujan &#8212;2 : Audenge&#8211;3 : Cassy&#8211;4 : Ar\u00e8s&#8211;5 : Grand Piquey&#8211;6 : la Pointe Belisaire. Retour \u00e0 Arcachon en bateau. 2017 \/ Tour de l&rsquo;Ile d&rsquo;Ol\u00e9ron D\u00e9part du Ch\u00e2teau d&rsquo;Ol\u00e9ron. 1 : Saint-Trojan&#8211;2 : La Cotini\u00e8re&#8211;3 : Port Saint-Denis Chassiron&#8211;4 : Boyardville&#8211;5 : Le Ch\u00e2teau. 2018 &hellip; <\/p>\n<p class=\"link-more\"><a href=\"https:\/\/monique-lachaux.fr\/?page_id=82\" class=\"more-link\">Continuer la lecture<span class=\"screen-reader-text\"> de &laquo;&nbsp;Randonn\u00e9e itin\u00e9rante&nbsp;&raquo;<\/span><\/a><\/p>\n","protected":false},"author":1,"featured_media":0,"parent":0,"menu_order":0,"comment_status":"closed","ping_status":"closed","template":"","meta":{"footnotes":""},"class_list":["post-82","page","type-page","status-publish","hentry"],"_links":{"self":[{"href":"https:\/\/monique-lachaux.fr\/index.php?rest_route=\/wp\/v2\/pages\/82","targetHints":{"allow":["GET"]}}],"collection":[{"href":"https:\/\/monique-lachaux.fr\/index.php?rest_route=\/wp\/v2\/pages"}],"about":[{"href":"https:\/\/monique-lachaux.fr\/index.php?rest_route=\/wp\/v2\/types\/page"}],"author":[{"embeddable":true,"href":"https:\/\/monique-lachaux.fr\/index.php?rest_route=\/wp\/v2\/users\/1"}],"replies":[{"embeddable":true,"href":"https:\/\/monique-lachaux.fr\/index.php?rest_route=%2Fwp%2Fv2%2Fcomments&post=82"}],"version-history":[{"count":39,"href":"https:\/\/monique-lachaux.fr\/index.php?rest_route=\/wp\/v2\/pages\/82\/revisions"}],"predecessor-version":[{"id":408,"href":"https:\/\/monique-lachaux.fr\/index.php?rest_route=\/wp\/v2\/pages\/82\/revisions\/408"}],"wp:attachment":[{"href":"https:\/\/monique-lachaux.fr\/index.php?rest_route=%2Fwp%2Fv2%2Fmedia&parent=82"}],"curies":[{"name":"wp","href":"https:\/\/api.w.org\/{rel}","templated":true}]}}